{"id":4528,"date":"2021-11-18T07:43:07","date_gmt":"2021-11-18T07:43:07","guid":{"rendered":"https:\/\/easyconnect.al\/?page_id=4528"},"modified":"2022-10-13T16:51:13","modified_gmt":"2022-10-13T16:51:13","slug":"about-us","status":"publish","type":"page","link":"https:\/\/easyconnect.al\/it\/about-us\/","title":{"rendered":"Chi siamo"},"content":{"rendered":"<div data-elementor-type=\"wp-page\" data-elementor-id=\"4528\" class=\"elementor elementor-4528\">\n\t\t\t\t\t\t<section class=\"elementor-section elementor-top-section elementor-element elementor-element-36c800a elementor-section-boxed elementor-section-height-default elementor-section-height-default rt-parallax-bg-no\" data-id=\"36c800a\" data-element_type=\"section\" data-e-type=\"section\">\n\t\t\t\t\t\t<div class=\"elementor-container elementor-column-gap-default\">\n\t\t\t\t\t<div class=\"elementor-column elementor-col-100 elementor-top-column elementor-element elementor-element-5cab73b\" data-id=\"5cab73b\" data-element_type=\"column\" data-e-type=\"column\">\n\t\t\t<div class=\"elementor-widget-wrap elementor-element-populated\">\n\t\t\t\t\t\t<div class=\"elementor-element elementor-element-2a4a17a elementor-widget elementor-widget-rt-text-with-button\" data-id=\"2a4a17a\" data-element_type=\"widget\" data-e-type=\"widget\" data-widget_type=\"rt-text-with-button.default\">\n\t\t\t\t<div class=\"elementor-widget-container\">\n\t\t\t\t\t<div class=\"title-text-button barshow text-style1\">\n\t\n\t\t\t<h4 class=\"subtitle style1\">Informazioni Su Easy Connect<span class=\"title-bar1\"><\/span><span class=\"title-bar2\"><\/span><\/h4>\n\t\t\t\t<h2 class=\"section-title\">Aiutiamo i Nostri Clienti a Raggiungere il Loro Obiettivo di Business.<\/h2>\t<div class=\"section-content\"><p><strong>Easy Connect<\/strong>\u00e8 una societ\u00e0 di servizi che, sulla base di elevati standard di qualit\u00e0, offre ai clienti la manodopera necessaria in diverse aree operative.<br \/>Il nostro obiettivo \u00e8 aiutare i nostri clienti a sviluppare i loro processi, garantendo professionalit\u00e0, efficienza, accuratezza e standard di alta qualit\u00e0.<\/p><\/div>\n\t<\/div>\t\t\t\t<\/div>\n\t\t\t\t<\/div>\n\t\t\t\t\t<\/div>\n\t\t<\/div>\n\t\t\t\t\t<\/div>\n\t\t<\/section>\n\t\t\t\t<section class=\"elementor-section elementor-top-section elementor-element elementor-element-727c1be elementor-section-boxed elementor-section-height-default elementor-section-height-default rt-parallax-bg-no\" data-id=\"727c1be\" data-element_type=\"section\" data-e-type=\"section\">\n\t\t\t\t\t\t<div class=\"elementor-container elementor-column-gap-default\">\n\t\t\t\t\t<div class=\"elementor-column elementor-col-100 elementor-top-column elementor-element elementor-element-7402d63\" data-id=\"7402d63\" data-element_type=\"column\" data-e-type=\"column\">\n\t\t\t<div class=\"elementor-widget-wrap elementor-element-populated\">\n\t\t\t\t\t\t<section class=\"elementor-section elementor-inner-section elementor-element elementor-element-8aff071 elementor-section-boxed elementor-section-height-default elementor-section-height-default rt-parallax-bg-no\" data-id=\"8aff071\" data-element_type=\"section\" data-e-type=\"section\">\n\t\t\t\t\t\t<div class=\"elementor-container elementor-column-gap-default\">\n\t\t\t\t\t<div class=\"elementor-column elementor-col-50 elementor-inner-column elementor-element elementor-element-9ab2b0c\" data-id=\"9ab2b0c\" data-element_type=\"column\" data-e-type=\"column\">\n\t\t\t<div class=\"elementor-widget-wrap elementor-element-populated\">\n\t\t\t\t\t\t<div class=\"elementor-element elementor-element-f98328d elementor-widget elementor-widget-rt-info-box\" data-id=\"f98328d\" data-element_type=\"widget\" data-e-type=\"widget\" data-widget_type=\"rt-info-box.default\">\n\t\t\t\t<div class=\"elementor-widget-container\">\n\t\t\t\t\t<div class=\"info-box info-style2\">\n\t<div class=\"info-item  media-image\">\n\t\t<div class=\"info-media\">\n\t\t\t\t\t            \n\t\t\t\t<span class=\"info-img\"><img decoding=\"async\" width=\"150\" height=\"150\" src=\"https:\/\/easyconnect.al\/wp-content\/uploads\/2022\/06\/trust-150x150.png\" class=\"attachment-thumbnail size-thumbnail wp-image-8143\" alt=\"\" srcset=\"https:\/\/easyconnect.al\/wp-content\/uploads\/2022\/06\/trust-150x150.png 150w, https:\/\/easyconnect.al\/wp-content\/uploads\/2022\/06\/trust-300x300.png 300w, https:\/\/easyconnect.al\/wp-content\/uploads\/2022\/06\/trust.png 512w\" sizes=\"(max-width: 150px) 100vw, 150px\" \/><\/span>  \n\t\t\t\t\n\t\t<\/div>\n\t\t<div class=\"info-content media-body\">\n\t\t\t\t\t\t\t<h3 class=\"info-title\">La nostra missione<\/h3>\n\t\t\t\t\t\t\t\t\t\t<div class=\"info-text\">La nostra missione \u00e8 essere tra le aziende pi\u00f9 affidabili del mercato.\nAttraverso questa missione, il nostro lavoro \u00e8 motivato ogni giorno rendendo possibile offrire una qualit\u00e0 servizio degno di rappresentarti ai tuoi clienti.<\/div>\n\t\t\t\t\t\t\t\t<\/div>\n\t<\/div>\n<\/div>\t\t\t\t<\/div>\n\t\t\t\t<\/div>\n\t\t\t\t<div class=\"elementor-element elementor-element-421b589 elementor-widget elementor-widget-rt-info-box\" data-id=\"421b589\" data-element_type=\"widget\" data-e-type=\"widget\" data-widget_type=\"rt-info-box.default\">\n\t\t\t\t<div class=\"elementor-widget-container\">\n\t\t\t\t\t<div class=\"info-box info-style2\">\n\t<div class=\"info-item  media-image\">\n\t\t<div class=\"info-media\">\n\t\t\t\t\t            \n\t\t\t\t<span class=\"info-img\"><img decoding=\"async\" width=\"150\" height=\"150\" src=\"https:\/\/easyconnect.al\/wp-content\/uploads\/2022\/06\/quality-1-150x150.png\" class=\"attachment-thumbnail size-thumbnail wp-image-8141\" alt=\"\" srcset=\"https:\/\/easyconnect.al\/wp-content\/uploads\/2022\/06\/quality-1-150x150.png 150w, https:\/\/easyconnect.al\/wp-content\/uploads\/2022\/06\/quality-1-300x300.png 300w, https:\/\/easyconnect.al\/wp-content\/uploads\/2022\/06\/quality-1.png 512w\" sizes=\"(max-width: 150px) 100vw, 150px\" \/><\/span>  \n\t\t\t\t\n\t\t<\/div>\n\t\t<div class=\"info-content media-body\">\n\t\t\t\t\t\t\t<h3 class=\"info-title\">Partnership di fiducia<\/h3>\n\t\t\t\t\t\t\t\t\t\t<div class=\"info-text\">Qualit\u00e0 e integrit\u00e0 sono principi vitali su cui abbiamo costruito la nostra azienda.\nDi conseguenza, grazie alla nostra dedizione abbiamo sviluppato una base di clienti fedeli,\ndove ci impegniamo come partner commerciali per garantire tali obiettivi aziendali\ne le soluzioni sono rigorosamente implementate.<\/div>\n\t\t\t\t\t\t\t\t<\/div>\n\t<\/div>\n<\/div>\t\t\t\t<\/div>\n\t\t\t\t<\/div>\n\t\t\t\t\t<\/div>\n\t\t<\/div>\n\t\t\t\t<div class=\"elementor-column elementor-col-50 elementor-inner-column elementor-element elementor-element-65c0cae\" data-id=\"65c0cae\" data-element_type=\"column\" data-e-type=\"column\">\n\t\t\t<div class=\"elementor-widget-wrap elementor-element-populated\">\n\t\t\t\t\t\t<div class=\"elementor-element elementor-element-5cfb96f elementor-widget elementor-widget-rt-info-box\" data-id=\"5cfb96f\" data-element_type=\"widget\" data-e-type=\"widget\" data-widget_type=\"rt-info-box.default\">\n\t\t\t\t<div class=\"elementor-widget-container\">\n\t\t\t\t\t<div class=\"info-box info-style2\">\n\t<div class=\"info-item  media-image\">\n\t\t<div class=\"info-media\">\n\t\t\t\t\t            \n\t\t\t\t<span class=\"info-img\"><img decoding=\"async\" width=\"150\" height=\"150\" src=\"https:\/\/easyconnect.al\/wp-content\/uploads\/2022\/06\/enterprise-150x150.png\" class=\"attachment-thumbnail size-thumbnail wp-image-8144\" alt=\"\" srcset=\"https:\/\/easyconnect.al\/wp-content\/uploads\/2022\/06\/enterprise-150x150.png 150w, https:\/\/easyconnect.al\/wp-content\/uploads\/2022\/06\/enterprise-300x300.png 300w, https:\/\/easyconnect.al\/wp-content\/uploads\/2022\/06\/enterprise.png 512w\" sizes=\"(max-width: 150px) 100vw, 150px\" \/><\/span>  \n\t\t\t\t\n\t\t<\/div>\n\t\t<div class=\"info-content media-body\">\n\t\t\t\t\t\t\t<h3 class=\"info-title\">La nostra attenzione al cliente<\/h3>\n\t\t\t\t\t\t\t\t\t\t<div class=\"info-text\">L'attenzione al cliente \u00e8 uno dei principi cardine su cui abbiamo costruito la nostra attivit\u00e0.\nIn Easy Connect, ci assicuriamo di fornire un servizio clienti di prim'ordine in ogni area, soddisfacendo ogni esigenza del cliente con l'obiettivo di condividere feedback positivi e testimonianze sul prodotto che pubblicizziamo o sul servizio fornito.<\/div>\n\t\t\t\t\t\t\t\t<\/div>\n\t<\/div>\n<\/div>\t\t\t\t<\/div>\n\t\t\t\t<\/div>\n\t\t\t\t<div class=\"elementor-element elementor-element-fa7d23c elementor-widget elementor-widget-rt-info-box\" data-id=\"fa7d23c\" data-element_type=\"widget\" data-e-type=\"widget\" data-widget_type=\"rt-info-box.default\">\n\t\t\t\t<div class=\"elementor-widget-container\">\n\t\t\t\t\t<div class=\"info-box info-style2\">\n\t<div class=\"info-item  media-image\">\n\t\t<div class=\"info-media\">\n\t\t\t\t\t            \n\t\t\t\t<span class=\"info-img\"><img loading=\"lazy\" decoding=\"async\" width=\"150\" height=\"150\" src=\"https:\/\/easyconnect.al\/wp-content\/uploads\/2022\/06\/united-150x150.png\" class=\"attachment-thumbnail size-thumbnail wp-image-8140\" alt=\"\" srcset=\"https:\/\/easyconnect.al\/wp-content\/uploads\/2022\/06\/united-150x150.png 150w, https:\/\/easyconnect.al\/wp-content\/uploads\/2022\/06\/united-300x300.png 300w, https:\/\/easyconnect.al\/wp-content\/uploads\/2022\/06\/united.png 512w\" sizes=\"(max-width: 150px) 100vw, 150px\" \/><\/span>  \n\t\t\t\t\n\t\t<\/div>\n\t\t<div class=\"info-content media-body\">\n\t\t\t\t\t\t\t<h3 class=\"info-title\">Squadra dedicata<\/h3>\n\t\t\t\t\t\t\t\t\t\t<div class=\"info-text\">In Easy Connect, abbiamo una vasta esperienza di lavoro in un modello di team dedicato. Insieme al cliente concordiamo di comune accordo sul carico di lavoro e sui requisiti di progetto per il tempo dato.\nQuindi, Easy Connect offre professionisti in ogni campo che soddisfano le esigenze dei clienti (inclusi i membri del team disponibili o la valutazione del mercato del lavoro e la ricerca degli specialisti necessari). Abbiamo costruito oltre 5 gruppi di lavoro (composti da 5 a 20 persone) per i nostri clienti.<\/div>\n\t\t\t\t\t\t\t\t<\/div>\n\t<\/div>\n<\/div>\t\t\t\t<\/div>\n\t\t\t\t<\/div>\n\t\t\t\t\t<\/div>\n\t\t<\/div>\n\t\t\t\t\t<\/div>\n\t\t<\/section>\n\t\t\t\t<div class=\"elementor-element elementor-element-23a17eb elementor-hidden-tablet elementor-hidden-mobile elementor-widget elementor-widget-rt-image\" data-id=\"23a17eb\" data-element_type=\"widget\" data-e-type=\"widget\" data-widget_type=\"rt-image.default\">\n\t\t\t\t<div class=\"elementor-widget-container\">\n\t\t\t\t\t\n<div class=\"image-default image-style3 motion-effects-wrap\">\n\t<div class=\"image-box\">\n\t\t<ul class=\"about-shape d-none d-xl-block\">\n\t\t\t<li class=\"wow fadeInRight motion-effects1\" data-wow-delay=\"300ms\" data-wow-duration=\"800ms\"><img loading=\"lazy\" decoding=\"async\" src=\"https:\/\/easyconnect.al\/wp-content\/themes\/finbuzz\/assets\/element\/figure74.png\" width=\"121\" height=\"104\" alt=\"\"><\/li>\n\t\t\t<li class=\"wow fadeInRight\" data-wow-delay=\"300ms\" data-wow-duration=\"800ms\"><img loading=\"lazy\" decoding=\"async\" src=\"https:\/\/easyconnect.al\/wp-content\/themes\/finbuzz\/assets\/element\/figure75.png\" width=\"139\" height=\"417\" alt=\"\"><\/li>\n\t\t\t<li class=\"wow fadeInUp motion-effects3\" data-wow-delay=\"300ms\" data-wow-duration=\"800ms\"><img loading=\"lazy\" decoding=\"async\" src=\"https:\/\/easyconnect.al\/wp-content\/themes\/finbuzz\/assets\/element\/figure73.png\" width=\"167\" height=\"167\" alt=\"\"><\/li>\n\t\t\t<li class=\"motion-effects6\"><\/li>\n\t\t<\/ul>\n\t\t<img loading=\"lazy\" decoding=\"async\" width=\"750\" height=\"498\" src=\"https:\/\/easyconnect.al\/wp-content\/uploads\/2022\/06\/310ad4be-c64b-40c2-af35-7aeaf85dcb96_Great-about-us-pages-opt-750x498-1.jpg\" class=\"attachment-full size-full wp-image-8178\" alt=\"\" srcset=\"https:\/\/easyconnect.al\/wp-content\/uploads\/2022\/06\/310ad4be-c64b-40c2-af35-7aeaf85dcb96_Great-about-us-pages-opt-750x498-1.jpg 750w, https:\/\/easyconnect.al\/wp-content\/uploads\/2022\/06\/310ad4be-c64b-40c2-af35-7aeaf85dcb96_Great-about-us-pages-opt-750x498-1-300x199.jpg 300w\" sizes=\"(max-width: 750px) 100vw, 750px\" \/>\t<\/div>\n<\/div>\t\t\t\t<\/div>\n\t\t\t\t<\/div>\n\t\t\t\t\t<\/div>\n\t\t<\/div>\n\t\t\t\t\t<\/div>\n\t\t<\/section>\n\t\t\t\t<section class=\"elementor-section elementor-top-section elementor-element elementor-element-69aacd8 elementor-section-boxed elementor-section-height-default elementor-section-height-default rt-parallax-bg-no\" data-id=\"69aacd8\" data-element_type=\"section\" data-e-type=\"section\">\n\t\t\t\t\t\t<div class=\"elementor-container elementor-column-gap-default\">\n\t\t\t\t\t<div class=\"elementor-column elementor-col-100 elementor-top-column elementor-element elementor-element-5d91277\" data-id=\"5d91277\" data-element_type=\"column\" data-e-type=\"column\">\n\t\t\t<div class=\"elementor-widget-wrap elementor-element-populated\">\n\t\t\t\t\t\t<div class=\"elementor-element elementor-element-2a243c1 elementor-widget elementor-widget-rt-text-with-button\" data-id=\"2a243c1\" data-element_type=\"widget\" data-e-type=\"widget\" data-widget_type=\"rt-text-with-button.default\">\n\t\t\t\t<div class=\"elementor-widget-container\">\n\t\t\t\t\t<div class=\"title-text-button barshow text-style1\">\n\t\n\t\t\t<h4 class=\"subtitle style1\">Esperienza<span class=\"title-bar1\"><\/span><span class=\"title-bar2\"><\/span><\/h4>\n\t\t\t<div class=\"section-content\"><p>Operiamo da circa 7 anni nel contact management center e grazie alla nostra dedizione e al duro lavoro abbiamo potuto crescere professionalmente e la nostra esperienza maturata, ci ha permesso di crescere dal punto di vista della qualit\u00e0 dei servizi offerti.<\/p><p>La nostra missione ha avuto luogo in tutti questi anni in ogni singolo cliente, facendogli desiderare di far parte di noi grazie alla nostra dedizione e al nostro instancabile lavoro. Vogliamo assicurarci che la nostra azienda guidi l'attivit\u00e0 a lungo termine e si espanda in tutto il mondo. Siamo stati in grado di lasciare una firma di buon rapporto tra il cliente e di farci conoscere i nostri servizi.<\/p><p>\u00a0<\/p><\/div>\n\t<\/div>\t\t\t\t<\/div>\n\t\t\t\t<\/div>\n\t\t\t\t\t<\/div>\n\t\t<\/div>\n\t\t\t\t\t<\/div>\n\t\t<\/section>\n\t\t\t\t<section class=\"elementor-section elementor-top-section elementor-element elementor-element-ac67349 elementor-section-boxed elementor-section-height-default elementor-section-height-default rt-parallax-bg-no\" data-id=\"ac67349\" data-element_type=\"section\" data-e-type=\"section\">\n\t\t\t\t\t\t<div class=\"elementor-container elementor-column-gap-default\">\n\t\t\t\t\t<div class=\"elementor-column elementor-col-100 elementor-top-column elementor-element elementor-element-b47c651\" data-id=\"b47c651\" data-element_type=\"column\" data-e-type=\"column\">\n\t\t\t<div class=\"elementor-widget-wrap elementor-element-populated\">\n\t\t\t\t\t\t<div class=\"elementor-element elementor-element-6b40347 elementor-widget elementor-widget-heading\" data-id=\"6b40347\" data-element_type=\"widget\" data-e-type=\"widget\" data-widget_type=\"heading.default\">\n\t\t\t\t<div class=\"elementor-widget-container\">\n\t\t\t\t\t<h2 class=\"elementor-heading-title elementor-size-default\">I Nostri Servizi<\/h2>\t\t\t\t<\/div>\n\t\t\t\t<\/div>\n\t\t\t\t\t<\/div>\n\t\t<\/div>\n\t\t\t\t\t<\/div>\n\t\t<\/section>\n\t\t\t\t<section class=\"elementor-section elementor-top-section elementor-element elementor-element-529f558 elementor-section-boxed elementor-section-height-default elementor-section-height-default rt-parallax-bg-no\" data-id=\"529f558\" data-element_type=\"section\" data-e-type=\"section\">\n\t\t\t\t\t\t<div class=\"elementor-container elementor-column-gap-default\">\n\t\t\t\t\t<div class=\"elementor-column elementor-col-100 elementor-top-column elementor-element elementor-element-e9463dc\" data-id=\"e9463dc\" data-element_type=\"column\" data-e-type=\"column\">\n\t\t\t<div class=\"elementor-widget-wrap elementor-element-populated\">\n\t\t\t\t\t\t<div class=\"elementor-element elementor-element-1e8110c elementor-invisible elementor-widget elementor-widget-rt-service\" data-id=\"1e8110c\" data-element_type=\"widget\" data-e-type=\"widget\" data-widget_type=\"rt-service.default\">\n\t\t\t\t<div class=\"elementor-widget-container\">\n\t\t\t\t\t<div class=\"service-default service-layout4 service-grid-layout4\">\r\n\t<div class=\"row\">\t\r\n\t\t\t\t<div class=\"col-xl-6 col-lg-6 col-md-6 col-sm-12 col-12\">\r\n\t\t\t<div class=\"service-item rt-animate hide fadeInUp\" data-wow-delay=\"0.3s\" data-wow-duration=\"1.2s\">\r\n\t\t\t\t<div class=\"service-box-content\">\r\n\t\t\t\t\t<div class=\"service-figure\" >\r\n                        <img loading=\"lazy\" decoding=\"async\" width=\"570\" height=\"447\" src=\"https:\/\/easyconnect.al\/wp-content\/uploads\/2021\/10\/5686373-570x447.png\" class=\"img-fluid  width-100 wp-post-image\" alt=\"\" \/>\t\t\t\t\t<\/div>\r\n                    <div class=\"service-content\">\r\n                                                                                                                    <div class=\"service-img-wrap\">\r\n                                                                            <div class=\"service-hover-img\">\r\n                                        <span><img loading=\"lazy\" decoding=\"async\" width=\"70\" height=\"70\" src=\"https:\/\/easyconnect.al\/wp-content\/uploads\/2021\/10\/Corporate-Finance-1.svg\" class=\"attachment-thumbnail size-thumbnail\" alt=\"\" \/><\/span>\r\n                                        <\/div>\r\n                                    \t\r\n                                <\/div>\r\n                                                                                                            <div class=\"service-info\">\r\n                            <h3 class=\"service-title\"><a href=\"https:\/\/easyconnect.al\/it\/service\/inbound-outbound\/\">Inbound &#038; Outbound<\/a><\/h3>\r\n                                                            <p>Attribuiamo importanza a ogni chiamata per raggiungere il tuo...<\/p>\r\n                                                                                            <a class=\"btn-style7\" href=\"https:\/\/easyconnect.al\/it\/service\/inbound-outbound\/\">READ MORE                                        <svg xmlns=\"http:\/\/www.w3.org\/2000\/svg\" width=\"24px\" height=\"24px\" viewbox=\"0 0 24 24\">\r\n\t\t<path fill=\"#FA360A\" d=\"M11.998 23.997c-6.617 0-11.999-5.383-11.999-11.999 0-6.616 5.382-11.999 11.999-11.999 6.616 0 11.999 5.383 11.999 11.999 0 6.616-5.383 11.999-11.999 11.999Zm0-21.816c-5.414 0-9.818 4.404-9.818 9.817 0 5.414 4.404 9.817 9.818 9.817 5.413 0 9.817-4.403 9.817-9.817 0-5.413-4.404-9.817-9.817-9.817Zm5.37 10.234a1.11 1.11 0 0 1-.237.355l-4.362 4.362c-.213.214-.492.32-.771.32a1.09 1.09 0 0 1-.772-1.862l2.502-2.501H7.634a1.092 1.092 0 0 1 0-2.182h6.094l-2.502-2.501a1.091 1.091 0 0 1 1.543-1.543l4.362 4.363a1.095 1.095 0 0 1 .237 1.189Z\" \/>\r\n\t\t<\/svg>                                    <\/a>\r\n                                                    <\/div>\r\n\t\t\t\t\t<\/div>\r\n\t\t\t\t<\/div>\r\n\t\t\t<\/div>\r\n\t\t<\/div>\r\n\t\t\t\t<div class=\"col-xl-6 col-lg-6 col-md-6 col-sm-12 col-12\">\r\n\t\t\t<div class=\"service-item rt-animate hide fadeInUp\" data-wow-delay=\"0.5s\" data-wow-duration=\"1.2s\">\r\n\t\t\t\t<div class=\"service-box-content\">\r\n\t\t\t\t\t<div class=\"service-figure\" >\r\n                        <img loading=\"lazy\" decoding=\"async\" width=\"570\" height=\"447\" src=\"https:\/\/easyconnect.al\/wp-content\/uploads\/2021\/10\/64652-570x447.jpg\" class=\"img-fluid  width-100 wp-post-image\" alt=\"\" \/>\t\t\t\t\t<\/div>\r\n                    <div class=\"service-content\">\r\n                                                                                                                    <div class=\"service-img-wrap\">\r\n                                                                            <div class=\"service-hover-img\">\r\n                                        <span><img loading=\"lazy\" decoding=\"async\" width=\"60\" height=\"42\" src=\"https:\/\/easyconnect.al\/wp-content\/uploads\/2022\/01\/icon_04_hover.png\" class=\"attachment-thumbnail size-thumbnail\" alt=\"\" \/><\/span>\r\n                                        <\/div>\r\n                                    \t\r\n                                <\/div>\r\n                                                                                                            <div class=\"service-info\">\r\n                            <h3 class=\"service-title\"><a href=\"https:\/\/easyconnect.al\/it\/service\/customer-care\/\">Customer Care<\/a><\/h3>\r\n                                                            <p>Forniamo un servizio clienti esemplare, in modo completo ed efficiente.<\/p>\r\n                                                                                            <a class=\"btn-style7\" href=\"https:\/\/easyconnect.al\/it\/service\/customer-care\/\">READ MORE                                        <svg xmlns=\"http:\/\/www.w3.org\/2000\/svg\" width=\"24px\" height=\"24px\" viewbox=\"0 0 24 24\">\r\n\t\t<path fill=\"#FA360A\" d=\"M11.998 23.997c-6.617 0-11.999-5.383-11.999-11.999 0-6.616 5.382-11.999 11.999-11.999 6.616 0 11.999 5.383 11.999 11.999 0 6.616-5.383 11.999-11.999 11.999Zm0-21.816c-5.414 0-9.818 4.404-9.818 9.817 0 5.414 4.404 9.817 9.818 9.817 5.413 0 9.817-4.403 9.817-9.817 0-5.413-4.404-9.817-9.817-9.817Zm5.37 10.234a1.11 1.11 0 0 1-.237.355l-4.362 4.362c-.213.214-.492.32-.771.32a1.09 1.09 0 0 1-.772-1.862l2.502-2.501H7.634a1.092 1.092 0 0 1 0-2.182h6.094l-2.502-2.501a1.091 1.091 0 0 1 1.543-1.543l4.362 4.363a1.095 1.095 0 0 1 .237 1.189Z\" \/>\r\n\t\t<\/svg>                                    <\/a>\r\n                                                    <\/div>\r\n\t\t\t\t\t<\/div>\r\n\t\t\t\t<\/div>\r\n\t\t\t<\/div>\r\n\t\t<\/div>\r\n\t\t\t\t<\/div>\r\n\t\t\t\t\t\t\t\t\t\t<div class=\"service-more-button\"><a class=\"btn-style1\" href=\"https:\/\/easyconnect.al\/it\/our-services\/\">PI\u00d9 SERVIZI<svg xmlns=\"http:\/\/www.w3.org\/2000\/svg\" width=\"24px\" height=\"24px\" viewbox=\"0 0 24 24\">\r\n\t\t<path fill=\"#FA360A\" d=\"M11.998 23.997c-6.617 0-11.999-5.383-11.999-11.999 0-6.616 5.382-11.999 11.999-11.999 6.616 0 11.999 5.383 11.999 11.999 0 6.616-5.383 11.999-11.999 11.999Zm0-21.816c-5.414 0-9.818 4.404-9.818 9.817 0 5.414 4.404 9.817 9.818 9.817 5.413 0 9.817-4.403 9.817-9.817 0-5.413-4.404-9.817-9.817-9.817Zm5.37 10.234a1.11 1.11 0 0 1-.237.355l-4.362 4.362c-.213.214-.492.32-.771.32a1.09 1.09 0 0 1-.772-1.862l2.502-2.501H7.634a1.092 1.092 0 0 1 0-2.182h6.094l-2.502-2.501a1.091 1.091 0 0 1 1.543-1.543l4.362 4.363a1.095 1.095 0 0 1 .237 1.189Z\" \/>\r\n\t\t<\/svg><\/a>\r\n\t\t\t\t<\/div>\r\n\t\t\t\t\t\t\t\r\n\t\t<\/div>\t\t\t\t<\/div>\n\t\t\t\t<\/div>\n\t\t\t\t\t<\/div>\n\t\t<\/div>\n\t\t\t\t\t<\/div>\n\t\t<\/section>\n\t\t\t\t<\/div>","protected":false},"excerpt":{"rendered":"<p>About Easy Connect We Help Our Clients to Achieve Their Business Goal. Easy Connect,\u00a0 is a service company that, based on high quality standards, offers customers the required labor in various operating areas.Our goal is to help our customers develop their processes, ensuring professionalism, efficiency, accuracy and high-quality standards. Our Company Mission Our mission is [&hellip;]<\/p>","protected":false},"author":1,"featured_media":0,"parent":0,"menu_order":0,"comment_status":"closed","ping_status":"closed","template":"elementor_header_footer","meta":{"footnotes":""},"class_list":["post-4528","page","type-page","status-publish","hentry"],"_links":{"self":[{"href":"https:\/\/easyconnect.al\/it\/wp-json\/wp\/v2\/pages\/4528"}],"collection":[{"href":"https:\/\/easyconnect.al\/it\/wp-json\/wp\/v2\/pages"}],"about":[{"href":"https:\/\/easyconnect.al\/it\/wp-json\/wp\/v2\/types\/page"}],"author":[{"embeddable":true,"href":"https:\/\/easyconnect.al\/it\/wp-json\/wp\/v2\/users\/1"}],"replies":[{"embeddable":true,"href":"https:\/\/easyconnect.al\/it\/wp-json\/wp\/v2\/comments?post=4528"}],"version-history":[{"count":49,"href":"https:\/\/easyconnect.al\/it\/wp-json\/wp\/v2\/pages\/4528\/revisions"}],"predecessor-version":[{"id":8885,"href":"https:\/\/easyconnect.al\/it\/wp-json\/wp\/v2\/pages\/4528\/revisions\/8885"}],"wp:attachment":[{"href":"https:\/\/easyconnect.al\/it\/wp-json\/wp\/v2\/media?parent=4528"}],"curies":[{"name":"wp","href":"https:\/\/api.w.org\/{rel}","templated":true}]}}